{"id":15,"date":"2025-09-06T09:58:38","date_gmt":"2025-09-06T07:58:38","guid":{"rendered":"https:\/\/petitlieu.catalog.ovh\/?page_id=15"},"modified":"2025-09-06T09:58:38","modified_gmt":"2025-09-06T07:58:38","slug":"nous-contacter","status":"publish","type":"page","link":"https:\/\/petitlieu.catalog.ovh\/?page_id=15","title":{"rendered":"Nous contacter"},"content":{"rendered":"\n<p>adresse mail de Josy et \u00e9ventuellement son num\u00e9ro de t\u00e9l\u00e9phone.<\/p>\n","protected":false},"excerpt":{"rendered":"<p>adresse mail de Josy et \u00e9ventuellement son num\u00e9ro de t\u00e9l\u00e9phone.<\/p>\n","protected":false},"author":1,"featured_media":0,"parent":0,"menu_order":0,"comment_status":"closed","ping_status":"closed","template":"","meta":{"footnotes":""},"class_list":["post-15","page","type-page","status-publish","hentry"],"_links":{"self":[{"href":"https:\/\/petitlieu.catalog.ovh\/index.php?rest_route=\/wp\/v2\/pages\/15","targetHints":{"allow":["GET"]}}],"collection":[{"href":"https:\/\/petitlieu.catalog.ovh\/index.php?rest_route=\/wp\/v2\/pages"}],"about":[{"href":"https:\/\/petitlieu.catalog.ovh\/index.php?rest_route=\/wp\/v2\/types\/page"}],"author":[{"embeddable":true,"href":"https:\/\/petitlieu.catalog.ovh\/index.php?rest_route=\/wp\/v2\/users\/1"}],"replies":[{"embeddable":true,"href":"https:\/\/petitlieu.catalog.ovh\/index.php?rest_route=%2Fwp%2Fv2%2Fcomments&post=15"}],"version-history":[{"count":1,"href":"https:\/\/petitlieu.catalog.ovh\/index.php?rest_route=\/wp\/v2\/pages\/15\/revisions"}],"predecessor-version":[{"id":16,"href":"https:\/\/petitlieu.catalog.ovh\/index.php?rest_route=\/wp\/v2\/pages\/15\/revisions\/16"}],"wp:attachment":[{"href":"https:\/\/petitlieu.catalog.ovh\/index.php?rest_route=%2Fwp%2Fv2%2Fmedia&parent=15"}],"curies":[{"name":"wp","href":"https:\/\/api.w.org\/{rel}","templated":true}]}}